{"id":381,"date":"2021-07-01T11:54:51","date_gmt":"2021-07-01T11:54:51","guid":{"rendered":"http:\/\/localhost\/dv-fiesta_pacific\/products\/"},"modified":"2021-07-27T10:50:45","modified_gmt":"2021-07-27T10:50:45","slug":"productos","status":"publish","type":"page","link":"https:\/\/www.fiestapacific.com\/es\/productos\/","title":{"rendered":"Productos"},"content":{"rendered":"<h2><b>Nuestro productos\u00a0<\/b><\/h2>\n<p><span style=\"font-weight: 400;\">Gracias a nuestra nueva instalaci\u00f3n de producci\u00f3n adaptada a la \u00faltima tecnolog\u00eda, Fiesta Pacific Products es cap\u00e1z de satisfacer la demanda de consumo tanto en el interior del pa\u00eds como internacionalmente. Las diferentes frutas son procesadas para producir una pulpa natural que despu\u00e9s es procesada en un concentrado natural. Esto mantiene las vitaminas de toda la fruta y minerales. Esto tambi\u00e9n permite producciones de cantidades optimas y desde luego, de la calidad m\u00e1s alta, a\u00fan, sorprendentemente muy econ\u00f3mico. Adem\u00e1s, basado en la regeneraci\u00f3n del consumidor, somos capaces de proporcionar una gran selecci\u00f3n de sabores. <\/span><span style=\"font-weight: 400;\"><br \/>\n<\/span><span style=\"font-weight: 400;\"><br \/>\n<\/span><span style=\"font-weight: 400;\">Fiesta Pacific Products ofrece una magn\u00edfica gama de sabores naturales:<\/span><span style=\"font-weight: 400;\"><br \/>\n<\/span><span style=\"font-weight: 400;\">Horchata, Jamaica,Tamarindo, Mel\u00f3n, Fresa, Mango, Lim\u00f3n, Pi\u00f1a, Guayaba <\/span><span style=\"font-weight: 400;\"><br \/>\n<\/span><span style=\"font-weight: 400;\"><br \/>\n<\/span>Calidad, Sabor y Precio Fiesta Pacific Products.<\/p>\n","protected":false},"excerpt":{"rendered":"<p>Nuestro productos\u00a0 Gracias a nuestra nueva instalaci\u00f3n de producci\u00f3n adaptada a la \u00faltima tecnolog\u00eda, Fiesta Pacific Products es cap\u00e1z de satisfacer la demanda de consumo tanto en el interior del pa\u00eds como internacionalmente. Las diferentes frutas son procesadas para producir una pulpa natural que despu\u00e9s es procesada en un concentrado natural. Esto mantiene las vitaminas [&hellip;]<\/p>\n","protected":false},"author":1,"featured_media":0,"parent":0,"menu_order":0,"comment_status":"closed","ping_status":"closed","template":"templates\/our-product.php","meta":{"_acf_changed":false,"footnotes":""},"class_list":["post-381","page","type-page","status-publish","hentry"],"acf":[],"_links":{"self":[{"href":"https:\/\/www.fiestapacific.com\/es\/wp-json\/wp\/v2\/pages\/381","targetHints":{"allow":["GET"]}}],"collection":[{"href":"https:\/\/www.fiestapacific.com\/es\/wp-json\/wp\/v2\/pages"}],"about":[{"href":"https:\/\/www.fiestapacific.com\/es\/wp-json\/wp\/v2\/types\/page"}],"author":[{"embeddable":true,"href":"https:\/\/www.fiestapacific.com\/es\/wp-json\/wp\/v2\/users\/1"}],"replies":[{"embeddable":true,"href":"https:\/\/www.fiestapacific.com\/es\/wp-json\/wp\/v2\/comments?post=381"}],"version-history":[{"count":4,"href":"https:\/\/www.fiestapacific.com\/es\/wp-json\/wp\/v2\/pages\/381\/revisions"}],"predecessor-version":[{"id":876,"href":"https:\/\/www.fiestapacific.com\/es\/wp-json\/wp\/v2\/pages\/381\/revisions\/876"}],"wp:attachment":[{"href":"https:\/\/www.fiestapacific.com\/es\/wp-json\/wp\/v2\/media?parent=381"}],"curies":[{"name":"wp","href":"https:\/\/api.w.org\/{rel}","templated":true}]}}