{"id":383,"date":"2021-07-01T11:55:12","date_gmt":"2021-07-01T11:55:12","guid":{"rendered":"http:\/\/localhost\/dv-fiesta_pacific\/services\/"},"modified":"2021-07-28T06:10:52","modified_gmt":"2021-07-28T06:10:52","slug":"servicios","status":"publish","type":"page","link":"https:\/\/www.fiestapacific.com\/es\/servicios\/","title":{"rendered":"Servicios"},"content":{"rendered":"<p>Fiesta Pacific Products tiene su propia red de distribuci\u00f3n para mejor servir a todos y cada uno de sus distribuidores y clientes.<\/p>\n<p>Fiesta Pacific Products provee a sus clientes todo el equipo necesario para vender nuestras bebidas y desde luego, Fiesta tambi\u00e9n proporciona el mantenimiento y el soporte t\u00e9cnico necesario.<\/p>\n<p><img loading=\"lazy\" decoding=\"async\" class=\"alignnone wp-image-296\" src=\"http:\/\/siteproofs.com\/projects\/webpublishing-dev\/fiesta_pacific\/wp-content\/uploads\/2021\/07\/Mask-Group-32-300x157.png\" alt=\"\" width=\"482\" height=\"254\" srcset=\"https:\/\/www.fiestapacific.com\/wp-content\/uploads\/2021\/07\/Mask-Group-32-300x157.png 300w, https:\/\/www.fiestapacific.com\/wp-content\/uploads\/2021\/07\/Mask-Group-32.png 747w\" sizes=\"auto, (max-width: 482px) 100vw, 482px\" \/><\/p>\n<p><span style=\"font-weight: 400;\">El entusiasta y amistoso personal de Fiesta Pacific Products es cuidadosamente seleccionado y entrenado en todo lo que se refiere a distribuci\u00f3n, promociones, ventas, y todos los aspectos que vinculan a nuestra clientela.\u00a0 Al ofrecer nuestro productos, usted tiene el respaldo de una empresa con m\u00e1s de 28 a\u00f1os de experiencia, con un \u00e9xito s\u00f3lido y de continuo crecimiento.\u00a0 Debemos esto a nuestro \u00e9nfasis como empresa sobre la calidad que se provee, a la acci\u00f3n de manejar bajos precios, as\u00ed como la atenci\u00f3n a las diversas necesidades de todos nuestros clientes.\u00a0<\/span><\/p>\n<p><span style=\"font-weight: 400;\">Todos estos factores se combinan y nos mantienen a la vanguardia en la fabricaci\u00f3n y distribuci\u00f3n de aguas frescas naturales al estilo mexicano satisfaciendo el buen gusto del consumidor.\u00a0<\/span><\/p>\n<p><span style=\"font-weight: 400;\">Somos <strong>Fiesta Pacific Products, Inc.<\/strong><\/span><\/p>\n<p><strong>Centro de Atenci\u00f3n a Clientes: <a href=\"tel:80034378\">(800) 49-FIESTA (34378)<\/a>.<\/strong><\/p>\n","protected":false},"excerpt":{"rendered":"<p>Fiesta Pacific Products tiene su propia red de distribuci\u00f3n para mejor servir a todos y cada uno de sus distribuidores y clientes. Fiesta Pacific Products provee a sus clientes todo el equipo necesario para vender nuestras bebidas y desde luego, Fiesta tambi\u00e9n proporciona el mantenimiento y el soporte t\u00e9cnico necesario. El entusiasta y amistoso personal [&hellip;]<\/p>\n","protected":false},"author":1,"featured_media":0,"parent":0,"menu_order":0,"comment_status":"closed","ping_status":"closed","template":"templates\/service-sidebar.php","meta":{"_acf_changed":false,"footnotes":""},"class_list":["post-383","page","type-page","status-publish","hentry"],"acf":[],"_links":{"self":[{"href":"https:\/\/www.fiestapacific.com\/es\/wp-json\/wp\/v2\/pages\/383","targetHints":{"allow":["GET"]}}],"collection":[{"href":"https:\/\/www.fiestapacific.com\/es\/wp-json\/wp\/v2\/pages"}],"about":[{"href":"https:\/\/www.fiestapacific.com\/es\/wp-json\/wp\/v2\/types\/page"}],"author":[{"embeddable":true,"href":"https:\/\/www.fiestapacific.com\/es\/wp-json\/wp\/v2\/users\/1"}],"replies":[{"embeddable":true,"href":"https:\/\/www.fiestapacific.com\/es\/wp-json\/wp\/v2\/comments?post=383"}],"version-history":[{"count":8,"href":"https:\/\/www.fiestapacific.com\/es\/wp-json\/wp\/v2\/pages\/383\/revisions"}],"predecessor-version":[{"id":889,"href":"https:\/\/www.fiestapacific.com\/es\/wp-json\/wp\/v2\/pages\/383\/revisions\/889"}],"wp:attachment":[{"href":"https:\/\/www.fiestapacific.com\/es\/wp-json\/wp\/v2\/media?parent=383"}],"curies":[{"name":"wp","href":"https:\/\/api.w.org\/{rel}","templated":true}]}}